{"id":3566,"date":"2024-04-01T10:05:24","date_gmt":"2024-04-01T16:05:24","guid":{"rendered":"https:\/\/floraldesignsgt.com\/gt\/?page_id=3566"},"modified":"2025-12-23T06:29:38","modified_gmt":"2025-12-23T12:29:38","slug":"tarifas-de-envio","status":"publish","type":"page","link":"https:\/\/floraldesignsgt.com\/gt\/tarifas-de-envio\/","title":{"rendered":"TARIFAS DE ENV\u00cdO"},"content":{"rendered":"<h2>TARIFAS DE ENV\u00cdO<\/h2>\n<ul>\n<li><strong>ENVIO GRATIS CIUDAD DE GUATEMALA (0.00 GTQ)<\/strong><\/li>\n<\/ul>\n<p style=\"padding-left: 40px;\">Zonas: 1, 2, 3, 4, 5, 7, 8, 9, 10, 11, 12, 13, 14, 15. (Pedidos para el mismo d\u00eda antes de las 10:30 am)<\/p>\n<p>&nbsp;<\/p>\n<ul>\n<li><strong>ENVIO GRATIS MIXCO (0.00 GTQ)<\/strong><\/li>\n<\/ul>\n<p style=\"padding-left: 40px;\">Zonas: 1, 2, 3, 4 y 8. (Pedidos para el mismo d\u00eda antes de las 10:30 am)<\/p>\n<p>&nbsp;<\/p>\n<ul>\n<li><strong>ENVIO Ciudad de Guatemala (35.00 GTQ)<\/strong><\/li>\n<\/ul>\n<p style=\"padding-left: 40px;\">Zonas: 6, 16, 17, 18, 19, 21. (Pedidos para el mismo d\u00eda antes de las 10:30 am)<\/p>\n<p>&nbsp;<\/p>\n<ul>\n<li><strong>ENVIO MIXCO (35.00 GTQ)<\/strong><\/li>\n<\/ul>\n<p style=\"padding-left: 40px;\">Zonas: 5, 6, 7, 9, 10 y 11. (Pedidos para el mismo d\u00eda antes de las 10:30 am)<\/p>\n<p>&nbsp;<\/p>\n<ul>\n<li><strong>ENVIO CARRETERA A EL SALVADOR Km. 13.5 al 23.5 (55.00 GTQ)<\/strong><\/li>\n<\/ul>\n<p style=\"padding-left: 40px;\">(Pedidos para el mismo d\u00eda antes de las 10:30 am)<\/p>\n<p>&nbsp;<\/p>\n<ul>\n<li><strong>ENVIO CARRETERA A EL SALVADOR Km. 23.6 al 30 (75.00 GTQ)<\/strong><\/li>\n<\/ul>\n<p style=\"padding-left: 40px;\">(Pedidos para el mismo d\u00eda antes de las 10:30 am)<\/p>\n<p>&nbsp;<\/p>\n<ul>\n<li><strong>ENVIO CARRETERA A SAN JOS\u00c9 PINULA A PARTIR DEL Km. 21 (75.00 GTQ)<\/strong><\/li>\n<\/ul>\n<p style=\"padding-left: 40px;\">(Pedidos para el mismo d\u00eda antes de las 9:00 am)<\/p>\n<p>&nbsp;<\/p>\n<ul>\n<li><strong>ENV\u00cdO A ZONAS C\u00c9NTRICAS DE VILLA NUEVA, SAN MIGUEL PETAPA, BOCA DEL MONTE, SANTA CATARINA PINULA. (60.00 GTQ)<\/strong><\/li>\n<\/ul>\n<p style=\"padding-left: 40px;\">(Pedidos para el mismo d\u00eda antes de las 10:30 am)<\/p>\n<p>&nbsp;<\/p>\n<ul>\n<li><strong>SAN LUCAS SACATEPEQUEZ (65.00 GTQ)<\/strong><\/li>\n<\/ul>\n<p style=\"padding-left: 40px;\">(Pedidos para el mismo d\u00eda antes de las 9:00 am)<\/p>\n<p>&nbsp;<\/p>\n<ul>\n<li><strong>ANTIGUA GUATEMALA (200.00 GTQ)<\/strong><\/li>\n<\/ul>\n<p style=\"padding-left: 40px;\">(Pedidos para el mismo d\u00eda antes de las 09:00 am)<\/p>\n<p>&nbsp;<\/p>\n<p>Las entregas se realizan en panel para garantizar el cuidado de las flores, por lo que las tarifas est\u00e1n sujetas a cambios derivados del trafico de la ciudad incrementos en el valor del combustible y fechas especiales (10 de mayo, san Valent\u00edn y otras).<\/p>\n<p>Si selecciona una ruta de entrega diferente a la direcci\u00f3n colocada en su pedido, el sistema realizara el cambio autom\u00e1tico para que sean calculados los gastos de env\u00edo correspondientes.<\/p>\n<p>Tarifas vigentes **\u00faltima revisi\u00f3n NOVIEMBRE 2025**<\/p>\n<p><a href=\"https:\/\/floraldesignsgt.com\/gt\/\" target=\"_blank\" rel=\"noopener\">COMPRAR AHORA<\/a><\/p>\n","protected":false},"excerpt":{"rendered":"<p>TARIFAS DE ENV\u00cdO ENVIO GRATIS CIUDAD DE GUATEMALA (0.00 GTQ) Zonas: 1, 2, 3, 4, 5, 7, 8, 9, 10, 11, 12, 13, 14, 15. (Pedidos para el mismo d\u00eda antes de las 10:30 am) &nbsp; ENVIO GRATIS MIXCO (0.00 GTQ) Zonas: 1, 2, 3, 4 y 8. (Pedidos para el mismo d\u00eda antes de [&hellip;]<\/p>\n","protected":false},"author":1,"featured_media":0,"parent":0,"menu_order":0,"comment_status":"closed","ping_status":"closed","template":"template-page-builder.php","meta":{"_et_pb_use_builder":"on","_et_pb_old_content":"<h4>ENVIO GRATIS CIUDAD DE GUATEMALA (0.00 GTQ)<\/h4><p>Zonas: 1, 2, 3, 4, 5, 7, 8, 9, 10, 11, 12, 13, 14, 15, 19. (Pedidos para el mismo d\u00eda antes de las 12:30pm)<\/p><h4>ENVIO GRATIS MIXCO (0.00 GTQ)<\/h4><p>Zonas: 1, 2, 3, 4, 8 y 11. (Pedidos para el mismo d\u00eda antes de las 12:30pm)<\/p><h4>ENVIO Ciudad de Guatemala (35.00 GTQ)<\/h4><p>Zonas: 6, 16, 17, 18, 21. (Pedidos para el mismo d\u00eda antes de las 12:30pm)<\/p><h4>ENVIO MIXCO (35.00 GTQ)<\/h4><p>Zonas: 5, 6, 9 y 10. (Pedidos para el mismo d\u00eda antes de las 12:30pm)<\/p><h5>ENVIO CARRETERA A EL SALVADOR Km. 13.5 al 23.5 (55.00 GTQ)<\/h5><p>(Pedidos para el mismo d\u00eda antes de las 11:30am)<\/p><h5>ENVIO CARRETERA A EL SALVADOR Km. 23.6 al 30 (75.00 GTQ)<\/h5><p>(Pedidos para el mismo d\u00eda antes de las 11:30am)<\/p><h5>ENVIO CARRETERA A SAN JOS\u00c9 PINULA A PARTIR DEL Km. 21 (75.00 GTQ)<\/h5><p>(Pedidos para el mismo d\u00eda antes de las 11:30am)<\/p><h5>ENV\u00cdO A ZONAS C\u00c9NTRICAS DE VILLA NUEVA, SAN MIGUEL PETAPA, BOCA DEL MONTE, SANTA CATARINA PINULA. (60.00 GTQ)<\/h5><p>(Pedidos para el mismo d\u00eda antes de las 11:30am)<\/p><h5>SAN LUCAS SACATEPEQUEZ (65.00 GTQ)<\/h5><p>(Pedidos para el mismo d\u00eda antes de las 11:30am)<\/p><h5>ANTIGUA GUATEMALA (175.00 GTQ)<\/h5><p>(Pedidos para el mismo d\u00eda antes de las 10:00am)<\/p><p>Las entregas se realizan en panel para garantizar el cuidado de las flores, por lo que las tarifas est\u00e1n sujetas a cambios derivados del trafico de la ciudad incrementos en el valor del combustible y fechas especiales (10 de mayo, san Valent\u00edn y otras).<\/p><p>Si selecciona una ruta de entrega diferente a la direcci\u00f3n colocada en su pedido, el sistema realizara el cambio autom\u00e1tico para que sean calculados los gastos de env\u00edo correspondientes.<\/p><p>Tarifas vigentes **\u00faltima revisi\u00f3n abril 2024**<\/p><p>[button link=\"https:\/\/floraldesignsgt.com\/gt\/\"] Comprar ahora \ud83c\udf39[\/button]<\/p>","_et_gb_content_width":"","footnotes":""},"class_list":["post-3566","page","type-page","status-publish","hentry"],"_links":{"self":[{"href":"https:\/\/floraldesignsgt.com\/gt\/wp-json\/wp\/v2\/pages\/3566","targetHints":{"allow":["GET"]}}],"collection":[{"href":"https:\/\/floraldesignsgt.com\/gt\/wp-json\/wp\/v2\/pages"}],"about":[{"href":"https:\/\/floraldesignsgt.com\/gt\/wp-json\/wp\/v2\/types\/page"}],"author":[{"embeddable":true,"href":"https:\/\/floraldesignsgt.com\/gt\/wp-json\/wp\/v2\/users\/1"}],"replies":[{"embeddable":true,"href":"https:\/\/floraldesignsgt.com\/gt\/wp-json\/wp\/v2\/comments?post=3566"}],"version-history":[{"count":6,"href":"https:\/\/floraldesignsgt.com\/gt\/wp-json\/wp\/v2\/pages\/3566\/revisions"}],"predecessor-version":[{"id":3724,"href":"https:\/\/floraldesignsgt.com\/gt\/wp-json\/wp\/v2\/pages\/3566\/revisions\/3724"}],"wp:attachment":[{"href":"https:\/\/floraldesignsgt.com\/gt\/wp-json\/wp\/v2\/media?parent=3566"}],"curies":[{"name":"wp","href":"https:\/\/api.w.org\/{rel}","templated":true}]}}