{"id":3260,"date":"2023-02-03T17:12:14","date_gmt":"2023-02-03T23:12:14","guid":{"rendered":"https:\/\/floraldesignsgt.com\/gt\/?page_id=3260"},"modified":"2025-12-23T08:59:12","modified_gmt":"2025-12-23T14:59:12","slug":"sobre-nosotros","status":"publish","type":"page","link":"https:\/\/floraldesignsgt.com\/gt\/sobre-nosotros\/","title":{"rendered":"Sobre nosotros"},"content":{"rendered":"<h2><strong>SOBRE NOSOTROS<\/strong><\/h2>\n<p style=\"text-align: left;\">En el a\u00f1o 2016 naci\u00f3 la idea de crear una empresa familiar, dedicada a la elaboraci\u00f3n de arreglos florales, as\u00ed fue como fundamos <strong>FLORAL DESIGNS GUATEMALA &amp; EVENTS<\/strong>, mi nombre es Mar\u00eda del Carmen De la Roca, junto a mi mam\u00e1 y mi esposo instalamos un peque\u00f1o local de trabajo en la zona 3 de Mixco, en donde vend\u00edamos flores frescas y peque\u00f1os arreglos a personas del sector, al poco tiempo adquirimos experiencia y conocimientos sobre el negocio y decidimos abrir una tienda en l\u00ednea, empezamos por redes sociales y luego creamos nuestro propio sitio web, aplicando nuestros conocimientos de Administraci\u00f3n de empresas, dise\u00f1o floral y tecnolog\u00eda logramos posicionarnos como una de las empresas con una fuerte presencia en el mercado, nuestro objetivo siempre ha sido brindar productos de calidad, flores que cumplen con los m\u00e1s altos est\u00e1ndares y un servicio que haga que una compra con nosotros sea una experiencia excepcional para nuestros clientes. A lo largo de los a\u00f1os hemos diversificado nuestro cat\u00e1logo de productos, llegando a contar con m\u00e1s de 150 dise\u00f1os de arreglos, en estilo cl\u00e1sico, moderno y personalizado, uno de nuestros principales diferenciadores es la experiencia del cliente, brindamos en todo momento una asesor\u00eda individual que ayuda a los clientes a seleccionar el regalo ideal para sus seres queridos. Algo que nos da mucho orgullo es saber que, gracias a nuestra plataforma y facilidad de pagos desde el extranjero, cientos de familias guatemaltecas que se encuentran distanciadas pueden acercarse gracias a nuestros detalles, que llevan alegr\u00eda y amor a estas personas. Contamos con tecnolog\u00eda para personalizaci\u00f3n de bases, rosas y tarjetas, lo cual permite que nuestros clientes puedan incluir sus mensajes de una forma novedosa y especial.<\/p>\n<p style=\"text-align: left;\">Cada d\u00eda nos comprometemos con hacer que el env\u00edo de un regalo sea f\u00e1cil de comprar, f\u00e1cil de pagar y recibir. Tenemos el gusto de poder garantizar nuestras entregas y nuestros arreglos permitiendo que los clientes tengan la confianza de adquirir nuestros productos.<\/p>\n<p style=\"text-align: left;\"><strong>Trabajamos con procesadores de pago certificados<\/strong> NEONET Guatemala y RECURRENTE, quienes brindan una interfaz segura y confiable para que nuestros clientes realicen sus pagos dentro o fuera del pa\u00eds, emitimos factura electr\u00f3nica de conformidad con la ley y notificamos el estatus del pedido al cliente por nuestras diferentes v\u00edas de comunicaci\u00f3n.<\/p>\n<div class=\"page\" style=\"text-align: left;\" title=\"Page 1\">\n<div class=\"layoutArea\">\n<div class=\"column\">\n<p><strong>MISIO\u0301N <\/strong><\/p>\n<\/div>\n<\/div>\n<div class=\"layoutArea\">\n<div class=\"column\">\n<p><span>Hacer uso de la tecnologi\u0301a para brindar a nuestros clientes productos y servicios exclusivos y personalizados de arreglos florales y regalos a domicilio, de forma fa\u0301cil, ra\u0301pida, confiable y discreta, desde un dispositivo mo\u0301vil o computadora en cualquier parte del mundo. <\/span><\/p>\n<p><strong>VISIO\u0301N <\/strong><\/p>\n<p><span>acercar cada di\u0301a a ma\u0301s guatemaltecos, por medio de arte floral, regalos y muestras de afecto elaboradas con dedicacio\u0301n y flores de primera calidad, expandiendo nuestra marca a nivel mundial. <\/span><\/p>\n<p><strong>VALORES <\/strong><\/p>\n<p><span>Profesionalismo: somos un equipo de trabajo multidisciplinario trabajando en las a\u0301reas de tecnologi\u0301a, disen\u0303o floral, servicio al cliente y transporte, con la finalidad de dar a nuestros clientes una experiencia superior, que cumpla a totalidad con sus expectativas. <\/span><\/p>\n<p><span>Puntualidad: Nos caracterizamos por nuestra puntualidad, con 6 an\u0303os de experiencia en logi\u0301stica de entrega de arreglos florales y regalos para toda ocasio\u0301n, nuestro objetivo primordial es que los arreglos siempre se entreguen en el horario ofrecido. <\/span><\/p>\n<p><span>Adaptabilidad: Nos enfocamos en llevar nuestros productos y servicios al di\u0301a con la tecnologi\u0301a, disen\u0303os vanguardistas y adaptacio\u0301n de plataformas de pago actuales que permitan llegar cada di\u0301a a ma\u0301s personas. <\/span><\/p>\n<p><span>Orientado al cliente: nuestro personal se encuentra capacitado para dar a nuestros clientes el mejor servicio, desde la asesori\u0301a para la seleccio\u0301n de productos y elaboracio\u0301n de disen\u0303os personalizados, soporte para el uso de la plataforma web y plataformas de pago, envio\u0301 estatus de pedido automatizados, acompan\u0303ado de un trato amable y humano. <\/span><\/p>\n<\/div>\n<\/div>\n<\/div>\n<p>&nbsp;<\/p>\n<h2>El coraz\u00f3n detr\u00e1s de cada arreglo<\/h2>\n<h4>Personas que ponen amor, dedicaci\u00f3n y prop\u00f3sito en cada detalle<\/h4>\n<p>&nbsp;<\/p>\n<p data-start=\"173\" data-end=\"258\"><strong data-start=\"173\" data-end=\"204\">Mar\u00eda Del Carmen De la Roca<\/strong><br data-start=\"204\" data-end=\"207\" \/><em data-start=\"207\" data-end=\"218\">Fundadora<\/em><br data-start=\"218\" data-end=\"221\" \/><strong data-start=\"221\" data-end=\"258\">FLORAL DESIGNS GUATEMALA &amp; EVENTS<\/strong><\/p>\n<blockquote data-start=\"260\" data-end=\"628\">\n<p data-start=\"262\" data-end=\"459\">Una de las mayores satisfacciones de este camino ha sido trabajar junto a mi esposo y mi familia en Floral Designs Guatemala &amp; Events. Cada arreglo que creamos lleva amor, dedicaci\u00f3n y prop\u00f3sito.<\/p>\n<p data-start=\"466\" data-end=\"628\">Este proyecto no solo nos permite acompa\u00f1ar momentos especiales, sino que tambi\u00e9n nos regala, d\u00eda a d\u00eda, valiosas lecciones de crecimiento personal y profesional.<\/p>\n<\/blockquote>\n<p>&nbsp;<\/p>\n<p data-start=\"194\" data-end=\"300\"><strong data-start=\"194\" data-end=\"220\">Gustavo Adolfo Fuentes<\/strong><br data-start=\"220\" data-end=\"223\" \/><em data-start=\"223\" data-end=\"260\">Administrador y Servicio al Cliente<\/em><br data-start=\"260\" data-end=\"263\" \/><strong data-start=\"263\" data-end=\"300\">FLORAL DESIGNS GUATEMALA &amp; EVENTS<\/strong><\/p>\n<blockquote data-start=\"302\" data-end=\"1177\">\n<p data-start=\"304\" data-end=\"517\">Me llena de orgullo ser parte de un emprendimiento familiar sustentable, construido con visi\u00f3n y compromiso para perdurar a lo largo de los a\u00f1os. Este proyecto nos permite crecer tanto como familia como empresa.<\/p>\n<p data-start=\"524\" data-end=\"829\">Disfruto especialmente brindar atenci\u00f3n personalizada a clientes que no est\u00e1n del todo familiarizados con las plataformas digitales, acompa\u00f1\u00e1ndolos y asesor\u00e1ndolos para que se sientan seguros al utilizar nuevas herramientas tecnol\u00f3gicas y puedan realizar sus compras en l\u00ednea de forma sencilla y r\u00e1pida.<\/p>\n<p data-start=\"836\" data-end=\"1177\">En algunas ocasiones tambi\u00e9n he tenido la oportunidad de entregar personalmente los arreglos, y ser testigo de las emociones de felicidad, amor y gratitud al recibir estos detalles es una experiencia profundamente satisfactoria. Ser parte de las historias de nuestros clientes es, sin duda, una de las mayores recompensas de nuestro trabajo.<\/p>\n<\/blockquote>\n<p>&nbsp;<\/p>\n<p data-start=\"171\" data-end=\"269\"><strong data-start=\"171\" data-end=\"186\">Tita Blanco<\/strong><br data-start=\"186\" data-end=\"189\" \/><em data-start=\"189\" data-end=\"229\">Personal de apoyo en fechas especiales<\/em><br data-start=\"229\" data-end=\"232\" \/><strong data-start=\"232\" data-end=\"269\">FLORAL DESIGNS GUATEMALA &amp; EVENTS<\/strong><\/p>\n<blockquote data-start=\"271\" data-end=\"640\">\n<p data-start=\"273\" data-end=\"426\">Es un verdadero gusto colaborar con un equipo lleno de compromiso y deseos de superaci\u00f3n, personas que ponen el coraz\u00f3n en cada actividad que realizan.<\/p>\n<p data-start=\"433\" data-end=\"640\">Aunque nos vemos principalmente en fechas especiales, he aprendido mucho de cada uno de ellos. Es un equipo muy unido, y cuentan con toda mi admiraci\u00f3n por el amor y la dedicaci\u00f3n que reflejan en su trabajo.<\/p>\n<p data-start=\"433\" data-end=\"640\">\n<\/blockquote>\n<p data-start=\"647\" data-end=\"713\"><strong data-start=\"647\" data-end=\"660\">Kenneth Ovando\u00a0<\/strong><br data-start=\"660\" data-end=\"663\" \/><em data-start=\"663\" data-end=\"673\">Delivery<\/em><br data-start=\"673\" data-end=\"676\" \/><strong data-start=\"676\" data-end=\"713\">FLORAL DESIGNS GUATEMALA &amp; EVENTS<\/strong><\/p>\n<blockquote data-start=\"715\" data-end=\"1021\">\n<p data-start=\"717\" data-end=\"900\">Para m\u00ed, cada entrega es una experiencia muy especial. Ver la felicidad y emoci\u00f3n de las personas al recibir un detalle es algo que me motiva a dar lo mejor de m\u00ed en cada recorrido.<\/p>\n<p data-start=\"907\" data-end=\"1021\">Saber que formo parte de momentos importantes para nuestros clientes hace que mi trabajo sea a\u00fan m\u00e1s gratificante.<\/p>\n<\/blockquote>\n","protected":false},"excerpt":{"rendered":"<p>SOBRE NOSOTROS En el a\u00f1o 2016 naci\u00f3 la idea de crear una empresa familiar, dedicada a la elaboraci\u00f3n de arreglos florales, as\u00ed fue como fundamos FLORAL DESIGNS GUATEMALA &amp; EVENTS, mi nombre es Mar\u00eda del Carmen De la Roca, junto a mi mam\u00e1 y mi esposo instalamos un peque\u00f1o local de trabajo en la zona [&hellip;]<\/p>\n","protected":false},"author":2,"featured_media":0,"parent":0,"menu_order":0,"comment_status":"closed","ping_status":"closed","template":"","meta":{"_et_pb_use_builder":"on","_et_pb_old_content":"","_et_gb_content_width":"","footnotes":""},"class_list":["post-3260","page","type-page","status-publish","hentry"],"_links":{"self":[{"href":"https:\/\/floraldesignsgt.com\/gt\/wp-json\/wp\/v2\/pages\/3260","targetHints":{"allow":["GET"]}}],"collection":[{"href":"https:\/\/floraldesignsgt.com\/gt\/wp-json\/wp\/v2\/pages"}],"about":[{"href":"https:\/\/floraldesignsgt.com\/gt\/wp-json\/wp\/v2\/types\/page"}],"author":[{"embeddable":true,"href":"https:\/\/floraldesignsgt.com\/gt\/wp-json\/wp\/v2\/users\/2"}],"replies":[{"embeddable":true,"href":"https:\/\/floraldesignsgt.com\/gt\/wp-json\/wp\/v2\/comments?post=3260"}],"version-history":[{"count":11,"href":"https:\/\/floraldesignsgt.com\/gt\/wp-json\/wp\/v2\/pages\/3260\/revisions"}],"predecessor-version":[{"id":3730,"href":"https:\/\/floraldesignsgt.com\/gt\/wp-json\/wp\/v2\/pages\/3260\/revisions\/3730"}],"wp:attachment":[{"href":"https:\/\/floraldesignsgt.com\/gt\/wp-json\/wp\/v2\/media?parent=3260"}],"curies":[{"name":"wp","href":"https:\/\/api.w.org\/{rel}","templated":true}]}}